{"id":2,"date":"2026-03-09T23:10:00","date_gmt":"2026-03-09T23:10:00","guid":{"rendered":"https:\/\/ukan.com.br\/?page_id=2"},"modified":"2026-04-01T17:39:18","modified_gmt":"2026-04-01T20:39:18","slug":"sample-page","status":"publish","type":"page","link":"https:\/\/ukan.com.br\/?page_id=2","title":{"rendered":"UKAN WEB SERVICES"},"content":{"rendered":"\n<p>EM CONSTRU\u00c7\u00c3O EM CONSTRU\u00c7\u00c3O EM CONSTRU\u00c7\u00c3O EM CONSTRU\u00c7\u00c3O EM CONSTRU\u00c7\u00c3O EM CONSTRU\u00c7\u00c3O EM CONSTRU\u00c7\u00c3O EM CONSTRU\u00c7\u00c3O EM CONSTRU\u00c7\u00c3O EM CONSTRU\u00c7\u00c3O EM CONSTRU\u00c7\u00c3O EM CONSTRU\u00c7\u00c3O.<\/p>\n\n\n\n<blockquote class=\"wp-block-quote is-layout-flow wp-block-quote-is-layout-flow\">\n<p>EM CONSTRU\u00c7\u00c3O EM CONSTRU\u00c7\u00c3O EM CONSTRU\u00c7\u00c3O EM CONSTRU\u00c7\u00c3O EM CONSTRU\u00c7\u00c3O EM CONSTRU\u00c7\u00c3O EM CONSTRU\u00c7\u00c3O EM CONSTRU\u00c7\u00c3O EM CONSTRU\u00c7\u00c3O.<\/p>\n<\/blockquote>\n\n\n\n<p>EM CONSTRU\u00c7\u00c3O &#8230;<\/p>\n\n\n\n<blockquote class=\"wp-block-quote is-layout-flow wp-block-quote-is-layout-flow\">\n<p>EM CONSTRU\u00c7\u00c3O EM CONSTRU\u00c7\u00c3O EM CONSTRU\u00c7\u00c3O EM CONSTRU\u00c7\u00c3O EM CONSTRU\u00c7\u00c3O EM CONSTRU\u00c7\u00c3O EM CONSTRU\u00c7\u00c3O EM CONSTRU\u00c7\u00c3O EM CONSTRU\u00c7\u00c3O EM CONSTRU\u00c7\u00c3O EM CONSTRU\u00c7\u00c3O EM CONSTRU\u00c7\u00c3O.<\/p>\n<\/blockquote>\n\n\n\n<p>EM CONSTRU\u00c7\u00c3O EM CONSTRU\u00c7\u00c3O EM CONSTRU\u00c7\u00c3O EM CONSTRU\u00c7\u00c3O EM CONSTRU\u00c7\u00c3O EM CONSTRU\u00c7\u00c3O .<\/p>\n","protected":false},"excerpt":{"rendered":"<p>EM CONSTRU\u00c7\u00c3O EM CONSTRU\u00c7\u00c3O EM CONSTRU\u00c7\u00c3O EM CONSTRU\u00c7\u00c3O EM CONSTRU\u00c7\u00c3O EM CONSTRU\u00c7\u00c3O EM CONSTRU\u00c7\u00c3O EM CONSTRU\u00c7\u00c3O EM CONSTRU\u00c7\u00c3O EM CONSTRU\u00c7\u00c3O EM CONSTRU\u00c7\u00c3O EM CONSTRU\u00c7\u00c3O. EM CONSTRU\u00c7\u00c3O EM CONSTRU\u00c7\u00c3O EM CONSTRU\u00c7\u00c3O EM CONSTRU\u00c7\u00c3O EM CONSTRU\u00c7\u00c3O EM CONSTRU\u00c7\u00c3O EM CONSTRU\u00c7\u00c3O EM CONSTRU\u00c7\u00c3O EM CONSTRU\u00c7\u00c3O. EM CONSTRU\u00c7\u00c3O &#8230; EM CONSTRU\u00c7\u00c3O EM CONSTRU\u00c7\u00c3O EM CONSTRU\u00c7\u00c3O EM CONSTRU\u00c7\u00c3O EM CONSTRU\u00c7\u00c3O [&hellip;]<\/p>\n","protected":false},"author":1,"featured_media":0,"parent":0,"menu_order":0,"comment_status":"closed","ping_status":"open","template":"","meta":{"footnotes":""},"class_list":["post-2","page","type-page","status-publish","hentry"],"_links":{"self":[{"href":"https:\/\/ukan.com.br\/index.php?rest_route=\/wp\/v2\/pages\/2","targetHints":{"allow":["GET"]}}],"collection":[{"href":"https:\/\/ukan.com.br\/index.php?rest_route=\/wp\/v2\/pages"}],"about":[{"href":"https:\/\/ukan.com.br\/index.php?rest_route=\/wp\/v2\/types\/page"}],"author":[{"embeddable":true,"href":"https:\/\/ukan.com.br\/index.php?rest_route=\/wp\/v2\/users\/1"}],"replies":[{"embeddable":true,"href":"https:\/\/ukan.com.br\/index.php?rest_route=%2Fwp%2Fv2%2Fcomments&post=2"}],"version-history":[{"count":1,"href":"https:\/\/ukan.com.br\/index.php?rest_route=\/wp\/v2\/pages\/2\/revisions"}],"predecessor-version":[{"id":11,"href":"https:\/\/ukan.com.br\/index.php?rest_route=\/wp\/v2\/pages\/2\/revisions\/11"}],"wp:attachment":[{"href":"https:\/\/ukan.com.br\/index.php?rest_route=%2Fwp%2Fv2%2Fmedia&parent=2"}],"curies":[{"name":"wp","href":"https:\/\/api.w.org\/{rel}","templated":true}]}}